{"id":683,"date":"2018-07-25T15:06:14","date_gmt":"2018-07-25T18:06:14","guid":{"rendered":"https:\/\/issanjorge-sgo.infd.edu.ar\/sitio\/?page_id=683"},"modified":"2020-04-09T22:07:34","modified_gmt":"2020-04-10T01:07:34","slug":"institucional","status":"publish","type":"page","link":"https:\/\/issanjorge-sgo.infd.edu.ar\/sitio\/institucional\/","title":{"rendered":"Instituto Superior San Jorge"},"content":{"rendered":"<p><img decoding=\"async\" loading=\"lazy\" class=\"wp-image-782 aligncenter\" src=\"https:\/\/issanjorge-sgo.infd.edu.ar\/sitio\/wp-content\/uploads\/2020\/04\/logo250.png\" alt=\"\" width=\"122\" height=\"122\" \/><\/p>\n<hr \/>\n<ul>\n<li>\n<h4><span style=\"color: #003300;\"><span style=\"color: #008000;\"><span style=\"color: #808080;\">Gesti\u00f3n:<\/span><strong> PRIVADA<\/strong><\/span><\/span><\/h4>\n<\/li>\n<li>\n<h4><span style=\"color: #003300;\"><span style=\"color: #808080;\">Entidad Propietaria:<\/span><span style=\"color: #008000;\"> ASOCIACI\u00d3N MUTUAL SAN JORGE<\/span><\/span><\/h4>\n<\/li>\n<li>\n<h4><span style=\"color: #808080;\">A\u00f1o de Creaci\u00f3n:<\/span><\/h4>\n<ul>\n<li>\n<h4><span style=\"color: #008000;\">De la Mutual: <strong>1977\u00a0<\/strong><\/span><\/h4>\n<\/li>\n<li>\n<h4><span style=\"color: #008000;\">Del Nivel Superior: <strong>1997<\/strong><\/span><\/h4>\n<\/li>\n<\/ul>\n<\/li>\n<li>\n<h4><span style=\"color: #003300;\"><span style=\"color: #808080;\">Modalidad del Cursado:<\/span>\u00a0<span style=\"color: #008000;\"><strong>PRESENCIAL<\/strong><\/span><\/span><\/h4>\n<\/li>\n<\/ul>\n","protected":false},"excerpt":{"rendered":"<p>Gesti\u00f3n: PRIVADA Entidad Propietaria: ASOCIACI\u00d3N MUTUAL SAN JORGE A\u00f1o de Creaci\u00f3n: De la Mutual: 1977\u00a0 Del Nivel Superior: 1997 Modalidad del Cursado:\u00a0PRESENCIAL<\/p>\n","protected":false},"author":6,"featured_media":0,"parent":0,"menu_order":0,"comment_status":"closed","ping_status":"closed","template":"","meta":[],"acf":[],"_links":{"self":[{"href":"https:\/\/issanjorge-sgo.infd.edu.ar\/sitio\/wp-json\/wp\/v2\/pages\/683"}],"collection":[{"href":"https:\/\/issanjorge-sgo.infd.edu.ar\/sitio\/wp-json\/wp\/v2\/pages"}],"about":[{"href":"https:\/\/issanjorge-sgo.infd.edu.ar\/sitio\/wp-json\/wp\/v2\/types\/page"}],"author":[{"embeddable":true,"href":"https:\/\/issanjorge-sgo.infd.edu.ar\/sitio\/wp-json\/wp\/v2\/users\/6"}],"replies":[{"embeddable":true,"href":"https:\/\/issanjorge-sgo.infd.edu.ar\/sitio\/wp-json\/wp\/v2\/comments?post=683"}],"version-history":[{"count":13,"href":"https:\/\/issanjorge-sgo.infd.edu.ar\/sitio\/wp-json\/wp\/v2\/pages\/683\/revisions"}],"predecessor-version":[{"id":783,"href":"https:\/\/issanjorge-sgo.infd.edu.ar\/sitio\/wp-json\/wp\/v2\/pages\/683\/revisions\/783"}],"wp:attachment":[{"href":"https:\/\/issanjorge-sgo.infd.edu.ar\/sitio\/wp-json\/wp\/v2\/media?parent=683"}],"curies":[{"name":"wp","href":"https:\/\/api.w.org\/{rel}","templated":true}]}}