{"id":685,"date":"2018-07-25T15:06:42","date_gmt":"2018-07-25T18:06:42","guid":{"rendered":"https:\/\/issanjorge-sgo.infd.edu.ar\/sitio\/?page_id=685"},"modified":"2020-04-09T22:19:39","modified_gmt":"2020-04-10T01:19:39","slug":"autoridades","status":"publish","type":"page","link":"https:\/\/issanjorge-sgo.infd.edu.ar\/sitio\/institucional\/autoridades\/","title":{"rendered":"Autoridades"},"content":{"rendered":"<h4><span data-mce-mark=\"1\"><strong>RECTORADO<\/strong><\/span><\/h4>\n<p>Rector: <strong>Prof. V\u00edctor Hugo Ledesma<\/strong><\/p>\n<p>Vicerrector: <strong>Prof. Fabi\u00e1n Castillo<\/strong><\/p>\n<p>Secretaria: <strong>Prof. Marcela Deltrozzo\u00a0<\/strong><\/p>\n<h4><\/h4>\n<h4>COORDINACI\u00d3N<\/h4>\n<p>Educaci\u00f3n Primaria: <strong>Lic. Esteban Brizuela<\/strong><\/p>\n<p>Educaci\u00f3n F\u00edsica: <strong>Prof. Romina Moises <\/strong><\/p>\n<p>Profesorado de Educaci\u00f3n Inicial: <strong>Prof. Cintia Salazar\u00a0<\/strong><\/p>\n<p>&nbsp;<\/p>\n","protected":false},"excerpt":{"rendered":"<p>RECTORADO Rector: Prof. V\u00edctor Hugo Ledesma Vicerrector: Prof. Fabi\u00e1n Castillo Secretaria: Prof. Marcela Deltrozzo\u00a0 COORDINACI\u00d3N Educaci\u00f3n Primaria: Lic. Esteban Brizuela Educaci\u00f3n F\u00edsica: Prof. Romina Moises Profesorado de Educaci\u00f3n Inicial: Prof. Cintia Salazar\u00a0 &nbsp;<\/p>\n","protected":false},"author":6,"featured_media":0,"parent":683,"menu_order":0,"comment_status":"closed","ping_status":"closed","template":"","meta":[],"acf":[],"_links":{"self":[{"href":"https:\/\/issanjorge-sgo.infd.edu.ar\/sitio\/wp-json\/wp\/v2\/pages\/685"}],"collection":[{"href":"https:\/\/issanjorge-sgo.infd.edu.ar\/sitio\/wp-json\/wp\/v2\/pages"}],"about":[{"href":"https:\/\/issanjorge-sgo.infd.edu.ar\/sitio\/wp-json\/wp\/v2\/types\/page"}],"author":[{"embeddable":true,"href":"https:\/\/issanjorge-sgo.infd.edu.ar\/sitio\/wp-json\/wp\/v2\/users\/6"}],"replies":[{"embeddable":true,"href":"https:\/\/issanjorge-sgo.infd.edu.ar\/sitio\/wp-json\/wp\/v2\/comments?post=685"}],"version-history":[{"count":9,"href":"https:\/\/issanjorge-sgo.infd.edu.ar\/sitio\/wp-json\/wp\/v2\/pages\/685\/revisions"}],"predecessor-version":[{"id":798,"href":"https:\/\/issanjorge-sgo.infd.edu.ar\/sitio\/wp-json\/wp\/v2\/pages\/685\/revisions\/798"}],"up":[{"embeddable":true,"href":"https:\/\/issanjorge-sgo.infd.edu.ar\/sitio\/wp-json\/wp\/v2\/pages\/683"}],"wp:attachment":[{"href":"https:\/\/issanjorge-sgo.infd.edu.ar\/sitio\/wp-json\/wp\/v2\/media?parent=685"}],"curies":[{"name":"wp","href":"https:\/\/api.w.org\/{rel}","templated":true}]}}