{"id":804,"date":"2020-04-09T22:42:43","date_gmt":"2020-04-10T01:42:43","guid":{"rendered":"https:\/\/issanjorge-sgo.infd.edu.ar\/sitio\/?page_id=804"},"modified":"2020-04-09T22:42:43","modified_gmt":"2020-04-10T01:42:43","slug":"profesorado-de-educacion-fisica","status":"publish","type":"page","link":"https:\/\/issanjorge-sgo.infd.edu.ar\/sitio\/profesorado-de-educacion-fisica\/","title":{"rendered":"Profesorado de Educaci\u00f3n F\u00edsica"},"content":{"rendered":"<p><em>Profesorado de Educaci\u00f3n F\u00edsica<\/em><\/p>\n","protected":false},"excerpt":{"rendered":"<p>Profesorado de Educaci\u00f3n F\u00edsica<\/p>\n","protected":false},"author":11,"featured_media":0,"parent":0,"menu_order":0,"comment_status":"closed","ping_status":"closed","template":"","meta":[],"acf":[],"_links":{"self":[{"href":"https:\/\/issanjorge-sgo.infd.edu.ar\/sitio\/wp-json\/wp\/v2\/pages\/804"}],"collection":[{"href":"https:\/\/issanjorge-sgo.infd.edu.ar\/sitio\/wp-json\/wp\/v2\/pages"}],"about":[{"href":"https:\/\/issanjorge-sgo.infd.edu.ar\/sitio\/wp-json\/wp\/v2\/types\/page"}],"author":[{"embeddable":true,"href":"https:\/\/issanjorge-sgo.infd.edu.ar\/sitio\/wp-json\/wp\/v2\/users\/11"}],"replies":[{"embeddable":true,"href":"https:\/\/issanjorge-sgo.infd.edu.ar\/sitio\/wp-json\/wp\/v2\/comments?post=804"}],"version-history":[{"count":1,"href":"https:\/\/issanjorge-sgo.infd.edu.ar\/sitio\/wp-json\/wp\/v2\/pages\/804\/revisions"}],"predecessor-version":[{"id":805,"href":"https:\/\/issanjorge-sgo.infd.edu.ar\/sitio\/wp-json\/wp\/v2\/pages\/804\/revisions\/805"}],"wp:attachment":[{"href":"https:\/\/issanjorge-sgo.infd.edu.ar\/sitio\/wp-json\/wp\/v2\/media?parent=804"}],"curies":[{"name":"wp","href":"https:\/\/api.w.org\/{rel}","templated":true}]}}