{"id":810,"date":"2020-04-09T22:43:55","date_gmt":"2020-04-10T01:43:55","guid":{"rendered":"https:\/\/issanjorge-sgo.infd.edu.ar\/sitio\/?page_id=810"},"modified":"2020-04-09T22:43:55","modified_gmt":"2020-04-10T01:43:55","slug":"tecnicatura-en-diseno-grafico","status":"publish","type":"page","link":"https:\/\/issanjorge-sgo.infd.edu.ar\/sitio\/tecnicatura-en-diseno-grafico\/","title":{"rendered":"Tecnicatura en Dise\u00f1o Gr\u00e1fico"},"content":{"rendered":"<p><em>Tecnicatura en Dise\u00f1o Gr\u00e1fico<\/em><\/p>\n","protected":false},"excerpt":{"rendered":"<p>Tecnicatura en Dise\u00f1o Gr\u00e1fico<\/p>\n","protected":false},"author":11,"featured_media":0,"parent":0,"menu_order":0,"comment_status":"closed","ping_status":"closed","template":"","meta":[],"acf":[],"_links":{"self":[{"href":"https:\/\/issanjorge-sgo.infd.edu.ar\/sitio\/wp-json\/wp\/v2\/pages\/810"}],"collection":[{"href":"https:\/\/issanjorge-sgo.infd.edu.ar\/sitio\/wp-json\/wp\/v2\/pages"}],"about":[{"href":"https:\/\/issanjorge-sgo.infd.edu.ar\/sitio\/wp-json\/wp\/v2\/types\/page"}],"author":[{"embeddable":true,"href":"https:\/\/issanjorge-sgo.infd.edu.ar\/sitio\/wp-json\/wp\/v2\/users\/11"}],"replies":[{"embeddable":true,"href":"https:\/\/issanjorge-sgo.infd.edu.ar\/sitio\/wp-json\/wp\/v2\/comments?post=810"}],"version-history":[{"count":1,"href":"https:\/\/issanjorge-sgo.infd.edu.ar\/sitio\/wp-json\/wp\/v2\/pages\/810\/revisions"}],"predecessor-version":[{"id":811,"href":"https:\/\/issanjorge-sgo.infd.edu.ar\/sitio\/wp-json\/wp\/v2\/pages\/810\/revisions\/811"}],"wp:attachment":[{"href":"https:\/\/issanjorge-sgo.infd.edu.ar\/sitio\/wp-json\/wp\/v2\/media?parent=810"}],"curies":[{"name":"wp","href":"https:\/\/api.w.org\/{rel}","templated":true}]}}